{"id":2,"date":"2026-02-24T15:27:46","date_gmt":"2026-02-24T15:27:46","guid":{"rendered":"http:\/\/collectifbilim.fr\/?page_id=2"},"modified":"2026-04-06T14:51:22","modified_gmt":"2026-04-06T12:51:22","slug":"qui-sommes-nous","status":"publish","type":"page","link":"https:\/\/collectifbilim.fr\/?page_id=2","title":{"rendered":"Qui sommes-nous ?"},"content":{"rendered":"\n<h2 class=\"wp-block-heading\">Qui sommes-nous ? <\/h2>\n\n\n\n<p>Nous c&rsquo;est BILIM, un collectif sous forme d&rsquo;association compos\u00e9 de neuf journalistes scientifiques ind\u00e9pendant\u00b7es, cr\u00e9\u00e9 en fin d\u2019ann\u00e9e 2025 et sp\u00e9cialis\u00e9 sur les enjeux sciences-soci\u00e9t\u00e9.&nbsp;<\/p>\n\n\n\n<h4 class=\"wp-block-heading\">Pourquoi un collectif ?<\/h4>\n\n\n\n<p>BILIM est d\u2019abord n\u00e9 d\u2019un constat : si les collectifs de pigistes se multiplient ces derni\u00e8res ann\u00e9es, aucun n\u2019\u00e9tait compos\u00e9 exclusivement de journalistes scientifiques. D\u2019autre part, le statut de pigiste est de plus en plus pr\u00e9caire et participe souvent \u00e0 une forme d\u2019isolement social. Avec ce collectif, l\u2019objectif est donc avant tout de mutualiser nos forces et nos moyens !&nbsp;<\/p>\n\n\n\n<figure class=\"wp-block-image size-large\"><img loading=\"lazy\" decoding=\"async\" width=\"1024\" height=\"747\" src=\"https:\/\/collectifbilim.fr\/wp-content\/uploads\/2026\/04\/Plan-de-travail-1-1-1024x747.png\" alt=\"\" class=\"wp-image-219\" srcset=\"https:\/\/collectifbilim.fr\/wp-content\/uploads\/2026\/04\/Plan-de-travail-1-1-1024x747.png 1024w, https:\/\/collectifbilim.fr\/wp-content\/uploads\/2026\/04\/Plan-de-travail-1-1-300x219.png 300w, https:\/\/collectifbilim.fr\/wp-content\/uploads\/2026\/04\/Plan-de-travail-1-1-768x560.png 768w, https:\/\/collectifbilim.fr\/wp-content\/uploads\/2026\/04\/Plan-de-travail-1-1-1536x1120.png 1536w, https:\/\/collectifbilim.fr\/wp-content\/uploads\/2026\/04\/Plan-de-travail-1-1.png 1920w\" sizes=\"auto, (max-width: 1024px) 100vw, 1024px\" \/><\/figure>\n\n\n\n<p class=\"has-secondary-color has-text-color has-link-color has-small-font-size wp-elements-1e23f48e15fb4b852381aa4f8e93d772\"><em>Cr\u00e9dit photo : Louan Abiven<\/em>.<\/p>\n\n\n\n<h4 class=\"wp-block-heading\"><strong>Pourquoi scientifique ?<\/strong><\/h4>\n\n\n\n<p>Nous sommes toutes et tous issu\u00b7es d\u2019une formation en sciences naturelles (chimie, biologie, physique\u2026) puis en journalisme scientifique. Or,nous sommes convaincu\u00b7es que les conditions de production du savoir scientifique, ainsi que sa r\u00e9ception dans les diff\u00e9rents champs du monde social, importent autant que le savoir lui-m\u00eame. D\u2019o\u00f9 notre volont\u00e9 de nous pencher sur les liens entre sciences et soci\u00e9t\u00e9. Avec des th\u00e9matiques de pr\u00e9dilection diff\u00e9rentes pour chacun des membres, nous traitons des sujets li\u00e9s de pr\u00e8s ou de loin aux sciences (naturelles et\/ou sociales). Le tout sous diff\u00e9rents formats : \u00e0 l\u2019\u00e9crit, en vid\u00e9o, en audio, en photos ou en dessins.<\/p>\n\n\n\n<p>Pour suivre la suite de l\u2019aventure BILIM, rendez-vous sur nos r\u00e9seaux sociaux. Merci infiniment pour votre soutien !<\/p>\n","protected":false},"excerpt":{"rendered":"<p>Qui sommes-nous ? Nous c&rsquo;est BILIM, un collectif sous forme d&rsquo;association compos\u00e9 de neuf journalistes scientifiques ind\u00e9pendant\u00b7es, cr\u00e9\u00e9 en fin d\u2019ann\u00e9e 2025 et sp\u00e9cialis\u00e9 sur les enjeux sciences-soci\u00e9t\u00e9.&nbsp; Pourquoi un collectif ? BILIM est d\u2019abord n\u00e9 d\u2019un constat : si les collectifs de pigistes se multiplient ces derni\u00e8res ann\u00e9es, aucun n\u2019\u00e9tait compos\u00e9 exclusivement de journalistes [&hellip;]<\/p>\n","protected":false},"author":1,"featured_media":0,"parent":0,"menu_order":0,"comment_status":"closed","ping_status":"closed","template":"","meta":{"iawp_total_views":7,"footnotes":""},"class_list":["post-2","page","type-page","status-publish","hentry"],"_links":{"self":[{"href":"https:\/\/collectifbilim.fr\/index.php?rest_route=\/wp\/v2\/pages\/2","targetHints":{"allow":["GET"]}}],"collection":[{"href":"https:\/\/collectifbilim.fr\/index.php?rest_route=\/wp\/v2\/pages"}],"about":[{"href":"https:\/\/collectifbilim.fr\/index.php?rest_route=\/wp\/v2\/types\/page"}],"author":[{"embeddable":true,"href":"https:\/\/collectifbilim.fr\/index.php?rest_route=\/wp\/v2\/users\/1"}],"replies":[{"embeddable":true,"href":"https:\/\/collectifbilim.fr\/index.php?rest_route=%2Fwp%2Fv2%2Fcomments&post=2"}],"version-history":[{"count":8,"href":"https:\/\/collectifbilim.fr\/index.php?rest_route=\/wp\/v2\/pages\/2\/revisions"}],"predecessor-version":[{"id":221,"href":"https:\/\/collectifbilim.fr\/index.php?rest_route=\/wp\/v2\/pages\/2\/revisions\/221"}],"wp:attachment":[{"href":"https:\/\/collectifbilim.fr\/index.php?rest_route=%2Fwp%2Fv2%2Fmedia&parent=2"}],"curies":[{"name":"wp","href":"https:\/\/api.w.org\/{rel}","templated":true}]}}